{"id":1605,"date":"2021-05-26T17:36:28","date_gmt":"2021-05-26T15:36:28","guid":{"rendered":"https:\/\/oliena.it\/new\/outdoor\/monte-corrasi-e-il-massiccio-del-supramonte\/"},"modified":"2024-05-14T16:20:21","modified_gmt":"2024-05-14T14:20:21","slug":"mount-corrasi-and-the-massive-of-supramonte","status":"publish","type":"page","link":"https:\/\/oliena.it\/en\/outdoor\/mount-corrasi-and-the-massive-of-supramonte\/","title":{"rendered":"Mount Corrasi and the Massive of Supramonte"},"content":{"rendered":"\r\n<p>Il Corrasi fa parte del massiccio del Supramonte, il vero cuore naturale delle Barbagie, e punta Corrasi \u00e8 la cima pi\u00f9 elevata di questo grande complesso montuoso che si estende per circa 350 chilometri quadrati ed \u00e8 circondato dai paesi di Oliena, Dorgali, Baunei, Urzulei e Orgosolo.<\/p>\r\n\r\n\r\n\r\n<p>Ma non \u00e8 l&#8217;altitudine ad affascinare gli escursionisti di tutto il mondo, perch\u00e9 \u00e8 noto che le montagne sarde, essendo molto antiche, hanno subito l\u2019erosione del tempo che ne ha ingentilito le vette, un tempo pi\u00f9 elevate. Ci\u00f2 che attira sul Supramonte e sul Corrasi visitatori da tutte le latitudini \u00e8 la sua natura incontaminata, i suoi paesaggi letteralmente unici al mondo, i piccoli segni di un antropizzazione difficile, come i caratteristici <em>pinnetos<\/em>, capanne circolari di pietra con il tetto di legno \u2013 sorprendentemente simili alle capanne nuragiche pi\u00f9 antiche di 3600 anni \u2013 e che fino a poco tempo erano ancora abitate periodicamente dai pastori durante la transumanza.<\/p>\r\n\r\n\r\n\r\n<p>Il grande fascino di questi luoghi \u00e8 quello ritrovarsi all\u2019improvviso, dopo poche ore di cammino, in un mondo puramente selvatico e indomabile, un luogo fuori dal tempo, che da sempre rappresenta una sfida per gli uomini che hanno provato a conquistarlo, e che, in fondo forse non sono mai riusciti nell\u2019impresa.<\/p>\r\n","protected":false},"excerpt":{"rendered":"<p>Il Corrasi fa parte del massiccio del Supramonte, il vero cuore naturale delle Barbagie, e punta Corrasi \u00e8 la cima pi\u00f9 elevata di questo grande complesso montuoso che si estende per circa 350 chilometri quadrati ed \u00e8 circondato dai paesi di Oliena, Dorgali, Baunei, Urzulei e Orgosolo. Ma non \u00e8 l&#8217;altitudine ad affascinare gli escursionisti [&hellip;]<\/p>\n","protected":false},"author":1,"featured_media":1231,"parent":1595,"menu_order":35,"comment_status":"closed","ping_status":"closed","template":"page-aree-interesse-dettaglio.php","meta":{"_acf_changed":false,"inline_featured_image":false,"footnotes":""},"class_list":["post-1605","page","type-page","status-publish","has-post-thumbnail","hentry"],"acf":{"sottotitolo":"The indomitable heart of the Barbagias","slider_fotografico":[1802,1804,1806,1808,1810,1812],"introduzione":"<p>Mount Corrasi is a natural hiking paradise in Sardinia. A massive limy-dolomitic wall dotted with olives and holm oaks at its bottom while shining white at the top.<br \/>\nThis mountain hosts 70 endemic plant species \u2013 some only found here, like the extremely rare Ribes Sardoum Martelli) \u2013 and it was once the kingdom of giant vultures and the Sardinian deer. Today we see a vibrant fauna, including muflons, wild boars, martens, foxes, wild cats, weasels, dormouse,\u00a0 wild Sardinian hares and wild rabbits. You can also spot some birds of prey like the Golden Eagle, the goshawk, the sparrow hawk, the Peregrin falcon and the buzzard.<\/p>\n","testo":"<p>Mount Corrasi is part of the Massive of Supramonte, which is the pulsating heart of the Barbagias. Corrasi\u2019s peak is the highest point of this mountainous formation which extends for 350 kilometres, surrounded by Oliena, Dorgali, Baunei, Urzulei and Orgosolo.<br \/>\nWhat brings here hikers worldwide is certainly not the high altitude, as Sardinian peaks have been eroded by time and have now much lower heights than before. What is unique about the Supramonte and Corrasi is their pristine nature, their one-of-a-kind landscapes, their rare signs of human presence, like the characteristic <em>pinnetos<\/em>. These round huts made of stone with a wooden roof were still used not so long ago by shepherds during their cattle drive and are surprisingly similar to the old Nuragic cabins of 3600 years ago.<\/p>\n<p>The charm of these places lies in their magical ability to bring the wanderer into a pure world that is wild and unconquerable, a location outside of time which no man has ever managed to tame throughout time.<\/p>\n","poi_link":1500,"foto_evidenza_home":1911,"file_audio":"https:\/\/oliena.it\/wp-content\/uploads\/2024\/05\/corrasi-eng.mp3"},"publishpress_future_workflow_manual_trigger":{"enabledWorkflows":[]},"_links":{"self":[{"href":"https:\/\/oliena.it\/en\/wp-json\/wp\/v2\/pages\/1605","targetHints":{"allow":["GET"]}}],"collection":[{"href":"https:\/\/oliena.it\/en\/wp-json\/wp\/v2\/pages"}],"about":[{"href":"https:\/\/oliena.it\/en\/wp-json\/wp\/v2\/types\/page"}],"author":[{"embeddable":true,"href":"https:\/\/oliena.it\/en\/wp-json\/wp\/v2\/users\/1"}],"replies":[{"embeddable":true,"href":"https:\/\/oliena.it\/en\/wp-json\/wp\/v2\/comments?post=1605"}],"version-history":[{"count":0,"href":"https:\/\/oliena.it\/en\/wp-json\/wp\/v2\/pages\/1605\/revisions"}],"up":[{"embeddable":true,"href":"https:\/\/oliena.it\/en\/wp-json\/wp\/v2\/pages\/1595"}],"wp:featuredmedia":[{"embeddable":true,"href":"https:\/\/oliena.it\/en\/wp-json\/wp\/v2\/media\/1231"}],"wp:attachment":[{"href":"https:\/\/oliena.it\/en\/wp-json\/wp\/v2\/media?parent=1605"}],"curies":[{"name":"wp","href":"https:\/\/api.w.org\/{rel}","templated":true}]}}